{"id":839,"date":"2025-05-19T07:49:47","date_gmt":"2025-05-19T07:49:47","guid":{"rendered":"https:\/\/kiroburnaz.edu.mk\/?page_id=839"},"modified":"2026-02-19T10:45:52","modified_gmt":"2026-02-19T10:45:52","slug":"programs","status":"publish","type":"page","link":"https:\/\/kiroburnaz.edu.mk\/sq\/programs\/","title":{"rendered":"Programet"},"content":{"rendered":"<div class=\"wp-block-file\"><a id=\"wp-block-file--media-1ddd6873-4b5a-49cc-9173-5a620fde3895\" href=\"https:\/\/kiroburnaz.edu.mk\/wp-content\/uploads\/2025\/09\/\u0413\u043e\u0434\u0438\u0448\u043d\u0430-\u043f\u0440\u043e\u0433\u0440\u0430\u043c\u0430-2025-2026.docx\">Program vjetor 2025\u20132026<\/a><a href=\"https:\/\/kiroburnaz.edu.mk\/wp-content\/uploads\/2025\/09\/\u0413\u043e\u0434\u0438\u0448\u043d\u0430-\u043f\u0440\u043e\u0433\u0440\u0430\u043c\u0430-2025-2026.docx\" class=\"wp-block-file__button wp-element-button\" download aria-describedby=\"wp-block-file--media-1ddd6873-4b5a-49cc-9173-5a620fde3895\">Download<\/a><\/div>\n\n\n\n<div class=\"wp-block-file\"><a id=\"wp-block-file--media-fa6881b6-ad1b-446f-a054-4cdf5b9efafc\" href=\"https:\/\/kiroburnaz.edu.mk\/wp-content\/uploads\/2024\/08\/\u0413\u043e\u0434\u0438\u0448\u043d\u0430-\u043f\u0440\u043e\u0433\u0440\u0430\u043c\u0430-2024-2025.docx\">Program vjetor 2024\u20132025<\/a><a href=\"https:\/\/kiroburnaz.edu.mk\/wp-content\/uploads\/2024\/08\/\u0413\u043e\u0434\u0438\u0448\u043d\u0430-\u043f\u0440\u043e\u0433\u0440\u0430\u043c\u0430-2024-2025.docx\" class=\"wp-block-file__button wp-element-button\" download aria-describedby=\"wp-block-file--media-fa6881b6-ad1b-446f-a054-4cdf5b9efafc\">Download<\/a><\/div>\n\n\n\n<div class=\"wp-block-file\"><a id=\"wp-block-file--media-6929b32c-c2ca-4562-8943-2943c3b63757\" href=\"https:\/\/kiroburnaz.edu.mk\/wp-content\/uploads\/2025\/10\/\u041f\u043b\u0430\u043d-\u0437\u0430-\u0440\u0430\u0437\u0432\u043e\u0458-\u043d\u0430-\u0443\u0447\u0438\u043b\u0438\u0448\u0442\u0435\u0442\u043e-2022-2026.doc\">Plani p\u00ebr zhvillimin e shkoll\u00ebs 2022\u20132026<\/a><a href=\"https:\/\/kiroburnaz.edu.mk\/wp-content\/uploads\/2025\/10\/\u041f\u043b\u0430\u043d-\u0437\u0430-\u0440\u0430\u0437\u0432\u043e\u0458-\u043d\u0430-\u0443\u0447\u0438\u043b\u0438\u0448\u0442\u0435\u0442\u043e-2022-2026.doc\" class=\"wp-block-file__button wp-element-button\" download aria-describedby=\"wp-block-file--media-6929b32c-c2ca-4562-8943-2943c3b63757\">Download<\/a><\/div>\n\n\n\n<div class=\"wp-block-file\"><a id=\"wp-block-file--media-7e34011a-8554-409e-a2ac-48ca8c0305f2\" href=\"http:\/\/localhost\/kiroburnaz\/wp-content\/uploads\/2025\/12\/\u041f\u0420\u041e\u0413\u0420\u0410\u041c\u0410-\u0417\u0410-\u0417\u0410\u0428\u0422\u0418\u0422\u0410-\u041d\u0410-\u0423\u0427\u0415\u041d\u0418\u0426\u0418-\u0421\u041e-\u0418-\u0411\u0415\u0417-\u041f\u041e\u041f\u0420\u0415\u0427\u0415\u041d\u041e\u0421\u0422-\u041e\u0414-\u041d\u0410\u0421\u0418\u041b\u0421\u0422\u0412\u041e-\u0417\u041b\u041e\u0423\u041f\u041e\u0422\u0420\u0415\u0411\u0410-\u0418-\u0417\u0410\u041f\u0423\u0428\u0422\u0410\u040a\u0415.docx\">Program p\u00ebr mbrojtjen e nx\u00ebn\u00ebsve nga dhuna, abuzimi dhe neglizhenca<\/a><a href=\"http:\/\/localhost\/kiroburnaz\/wp-content\/uploads\/2025\/12\/\u041f\u0420\u041e\u0413\u0420\u0410\u041c\u0410-\u0417\u0410-\u0417\u0410\u0428\u0422\u0418\u0422\u0410-\u041d\u0410-\u0423\u0427\u0415\u041d\u0418\u0426\u0418-\u0421\u041e-\u0418-\u0411\u0415\u0417-\u041f\u041e\u041f\u0420\u0415\u0427\u0415\u041d\u041e\u0421\u0422-\u041e\u0414-\u041d\u0410\u0421\u0418\u041b\u0421\u0422\u0412\u041e-\u0417\u041b\u041e\u0423\u041f\u041e\u0422\u0420\u0415\u0411\u0410-\u0418-\u0417\u0410\u041f\u0423\u0428\u0422\u0410\u040a\u0415.docx\" class=\"wp-block-file__button wp-element-button\" download aria-describedby=\"wp-block-file--media-7e34011a-8554-409e-a2ac-48ca8c0305f2\">Download<\/a><\/div>\n\n\n\n<div class=\"wp-block-file\"><a id=\"wp-block-file--media-ba2f3f09-2b71-42f1-8654-f753b8b4d69c\" href=\"http:\/\/localhost\/kiroburnaz\/wp-content\/uploads\/2025\/12\/\u041f\u0420\u041e\u0413\u0420\u0410\u041c\u0410-\u0417\u0410-\u041f\u0420\u0415\u0412\u0415\u041d\u0426\u0418\u0408\u0410-\u041e\u0414-\u0417\u041b\u041e\u0423\u041f\u041e\u0422\u0420\u0415\u0411\u0410-\u041d\u0410-\u0410\u041b\u041a\u041e\u0425\u041e\u041b-\u0422\u0423\u0422\u0423\u041d-\u0414\u0420\u041e\u0413\u0418-\u0418-\u0414\u0420\u0423\u0413\u0418-\u041f\u0421\u0418\u0425\u041e\u0422\u0420\u041e\u041f\u041d\u0418-\u0421\u0423\u041f\u0421\u0422\u0410\u041d\u0426\u0418.docx\">Program p\u00ebr parandalimin e abuzimit me alkool, duhan dhe substanca psikotrope<\/a><a href=\"http:\/\/localhost\/kiroburnaz\/wp-content\/uploads\/2025\/12\/\u041f\u0420\u041e\u0413\u0420\u0410\u041c\u0410-\u0417\u0410-\u041f\u0420\u0415\u0412\u0415\u041d\u0426\u0418\u0408\u0410-\u041e\u0414-\u0417\u041b\u041e\u0423\u041f\u041e\u0422\u0420\u0415\u0411\u0410-\u041d\u0410-\u0410\u041b\u041a\u041e\u0425\u041e\u041b-\u0422\u0423\u0422\u0423\u041d-\u0414\u0420\u041e\u0413\u0418-\u0418-\u0414\u0420\u0423\u0413\u0418-\u041f\u0421\u0418\u0425\u041e\u0422\u0420\u041e\u041f\u041d\u0418-\u0421\u0423\u041f\u0421\u0422\u0410\u041d\u0426\u0418.docx\" class=\"wp-block-file__button wp-element-button\" download aria-describedby=\"wp-block-file--media-ba2f3f09-2b71-42f1-8654-f753b8b4d69c\">Download<\/a><\/div>\n\n\n\n<div class=\"wp-block-file\"><a id=\"wp-block-file--media-6c215592-fbc5-4b8f-95e3-38ed6e734f30\" href=\"http:\/\/localhost\/kiroburnaz\/wp-content\/uploads\/2025\/12\/\u041f\u0420\u041e\u0413\u0420\u0410\u041c\u0410-\u0417\u0410-\u0421\u041f\u0420\u0415\u0427\u0423\u0412\u0410\u040a\u0415-\u041d\u0410-\u0414\u0418\u0421\u041a\u0420\u0418\u041c\u0418\u041d\u0410\u0426\u0418\u0408\u0410.docx\">Program p\u00ebr parandalimin e diskriminimit<\/a><a href=\"http:\/\/localhost\/kiroburnaz\/wp-content\/uploads\/2025\/12\/\u041f\u0420\u041e\u0413\u0420\u0410\u041c\u0410-\u0417\u0410-\u0421\u041f\u0420\u0415\u0427\u0423\u0412\u0410\u040a\u0415-\u041d\u0410-\u0414\u0418\u0421\u041a\u0420\u0418\u041c\u0418\u041d\u0410\u0426\u0418\u0408\u0410.docx\" class=\"wp-block-file__button wp-element-button\" download aria-describedby=\"wp-block-file--media-6c215592-fbc5-4b8f-95e3-38ed6e734f30\">Download<\/a><\/div>\n\n\n\n<div class=\"wp-block-file\"><a id=\"wp-block-file--media-b56589a1-85d6-4432-a8c8-881584681613\" href=\"http:\/\/localhost\/kiroburnaz\/wp-content\/uploads\/2025\/12\/\u041f\u0420\u041e\u0413\u0420\u0410\u041c\u0410-\u0417\u0410-\u0421\u041f\u0420\u0415\u0427\u0423\u0412\u0410\u040a\u0415-\u041d\u0410-\u0423\u0427\u0415\u0421\u0422\u0412\u041e-\u0412\u041e-\u0418\u0413\u0420\u0418-\u041d\u0410-\u0421\u0420\u0415\u040c\u0410-\u0418-\u0414\u0420\u0423\u0413\u0418-\u041e\u0411\u041b\u0418\u0426\u0418-\u041d\u0410-\u041c\u0410\u041b\u041e\u041b\u0415\u0422\u041d\u0418\u0427\u041a\u0410-\u0414\u0415\u041b\u0418\u041a\u0412\u0415\u041d\u0426\u0418\u0408\u0410.docx\">Program p\u00ebr parandalimin e pjes\u00ebmarrjes n\u00eb loj\u00ebra fati<\/a><a href=\"http:\/\/localhost\/kiroburnaz\/wp-content\/uploads\/2025\/12\/\u041f\u0420\u041e\u0413\u0420\u0410\u041c\u0410-\u0417\u0410-\u0421\u041f\u0420\u0415\u0427\u0423\u0412\u0410\u040a\u0415-\u041d\u0410-\u0423\u0427\u0415\u0421\u0422\u0412\u041e-\u0412\u041e-\u0418\u0413\u0420\u0418-\u041d\u0410-\u0421\u0420\u0415\u040c\u0410-\u0418-\u0414\u0420\u0423\u0413\u0418-\u041e\u0411\u041b\u0418\u0426\u0418-\u041d\u0410-\u041c\u0410\u041b\u041e\u041b\u0415\u0422\u041d\u0418\u0427\u041a\u0410-\u0414\u0415\u041b\u0418\u041a\u0412\u0415\u041d\u0426\u0418\u0408\u0410.docx\" class=\"wp-block-file__button wp-element-button\" download aria-describedby=\"wp-block-file--media-b56589a1-85d6-4432-a8c8-881584681613\">Download<\/a><\/div>","protected":false},"excerpt":{"rendered":"","protected":false},"author":1,"featured_media":0,"parent":0,"menu_order":0,"comment_status":"closed","ping_status":"closed","template":"","meta":{"footnotes":""},"class_list":["post-839","page","type-page","status-publish","hentry"],"_links":{"self":[{"href":"https:\/\/kiroburnaz.edu.mk\/sq\/wp-json\/wp\/v2\/pages\/839","targetHints":{"allow":["GET"]}}],"collection":[{"href":"https:\/\/kiroburnaz.edu.mk\/sq\/wp-json\/wp\/v2\/pages"}],"about":[{"href":"https:\/\/kiroburnaz.edu.mk\/sq\/wp-json\/wp\/v2\/types\/page"}],"author":[{"embeddable":true,"href":"https:\/\/kiroburnaz.edu.mk\/sq\/wp-json\/wp\/v2\/users\/1"}],"replies":[{"embeddable":true,"href":"https:\/\/kiroburnaz.edu.mk\/sq\/wp-json\/wp\/v2\/comments?post=839"}],"version-history":[{"count":9,"href":"https:\/\/kiroburnaz.edu.mk\/sq\/wp-json\/wp\/v2\/pages\/839\/revisions"}],"predecessor-version":[{"id":1381,"href":"https:\/\/kiroburnaz.edu.mk\/sq\/wp-json\/wp\/v2\/pages\/839\/revisions\/1381"}],"wp:attachment":[{"href":"https:\/\/kiroburnaz.edu.mk\/sq\/wp-json\/wp\/v2\/media?parent=839"}],"curies":[{"name":"wp","href":"https:\/\/api.w.org\/{rel}","templated":true}]}}