{"id":405,"date":"2024-03-24T20:37:15","date_gmt":"2024-03-24T20:37:15","guid":{"rendered":"https:\/\/kiroburnaz.edu.mk\/?page_id=405"},"modified":"2026-02-04T10:56:26","modified_gmt":"2026-02-04T10:56:26","slug":"contact","status":"publish","type":"page","link":"https:\/\/kiroburnaz.edu.mk\/sq\/contact\/","title":{"rendered":"Kontakti"},"content":{"rendered":"<div class=\"wp-block-group mw-100 is-layout-grid wp-container-core-group-is-layout-ce96cb3d wp-block-group-is-layout-grid\">\n<div class=\"wp-block-group wp-container-content-cf841b22 is-layout-flow wp-block-group-is-layout-flow\">\n<p><a href=\"https:\/\/kiroburnaz.edu.mk\/\"><strong>SHMSH \u2013 QRAPT \u201cKiro Burnaz\u201d<\/strong><\/a><\/p>\n\n\n\n<p><strong>Orari i Pun\u00ebs:<br><\/strong>E h\u00ebn\u00eb - E premte: 7:00-15:00<\/p>\n\n\n\n<p><strong>Vendndodhja:<br><\/strong>1 b.b. Rruga Dolno Kojnare 1300 Kumanov\u00eb,<br>Republika e Maqedonis\u00eb s\u00eb Veriut<\/p>\n\n\n\n<p><strong>Kontakti:<\/strong><br><a href=\"mailto:rcsookiroburnaz@gmail.com\">rcsookiroburnaz@gmail.com<\/a><br><a href=\"tel:+38931412224\">+389 31 412 224<\/a><\/p>\n\n\n\n<p><strong>Informacione me karakter publik:<\/strong> <\/p>\n\n\n\n<p style=\"margin-top:0;margin-bottom:0\">Person zyrtar p\u00ebrgjegj\u00ebs: <strong>Sofija Aleksik<\/strong> <\/p>\n\n\n\n<p style=\"margin-top:0;margin-bottom:0\">kb.sekretar@gmail.com    <\/p>\n\n\n\n<p style=\"margin-top:0;margin-bottom:0\">+389 (0)75 281 512<\/p>\n<\/div>\n\n\n<div id=\"wpgmza_map_1\" class=\"wpgmza_map wpgmza-auto-center\" style=\"display:block;width:100%;height:400px;overflow:hidden;position:relative;\" data-map-id=\"1\" data-maps-engine=\"open-layers\" data-build-engine=\"atlas-novus\" data-shortcode-attributes=\"{&quot;id&quot;:&quot;1&quot;,&quot;zoom&quot;:false,&quot;width&quot;:false,&quot;height&quot;:false,&quot;marker&quot;:false,&quot;classname&quot;:false}\" data-settings=\"{&quot;map_title&quot;:&quot;Contact map&quot;,&quot;map_width&quot;:&quot;100&quot;,&quot;map_height&quot;:&quot;400&quot;,&quot;map_start_lat&quot;:&quot;42.16185763358675&quot;,&quot;map_start_lng&quot;:&quot;21.718023366926232&quot;,&quot;map_start_location&quot;:&quot;45.950464398418106,-109.81550500000003&quot;,&quot;map_start_zoom&quot;:&quot;15&quot;,&quot;default_marker&quot;:&quot;&quot;,&quot;type&quot;:&quot;0&quot;,&quot;alignment&quot;:&quot;4&quot;,&quot;directions_enabled&quot;:&quot;0&quot;,&quot;styling_enabled&quot;:&quot;0&quot;,&quot;styling_json&quot;:&quot;&quot;,&quot;active&quot;:&quot;0&quot;,&quot;kml&quot;:&quot;&quot;,&quot;bicycle&quot;:&quot;0&quot;,&quot;traffic&quot;:&quot;0&quot;,&quot;dbox&quot;:&quot;0&quot;,&quot;dbox_width&quot;:&quot;&quot;,&quot;listmarkers&quot;:&quot;0&quot;,&quot;listmarkers_advanced&quot;:&quot;0&quot;,&quot;filterbycat&quot;:&quot;0&quot;,&quot;ugm_enabled&quot;:&quot;0&quot;,&quot;ugm_category_enabled&quot;:&quot;0&quot;,&quot;fusion&quot;:&quot;&quot;,&quot;map_width_type&quot;:&quot;%&quot;,&quot;map_height_type&quot;:&quot;px&quot;,&quot;mass_marker_support&quot;:&quot;0&quot;,&quot;ugm_access&quot;:&quot;0&quot;,&quot;order_markers_by&quot;:&quot;0&quot;,&quot;order_markers_choice&quot;:&quot;0&quot;,&quot;show_user_location&quot;:&quot;0&quot;,&quot;default_to&quot;:&quot;&quot;,&quot;map_type&quot;:1,&quot;sl_stroke_color&quot;:&quot;&quot;,&quot;sl_fill_color&quot;:&quot;&quot;,&quot;sl_stroke_opacity&quot;:&quot;&quot;,&quot;sl_fill_opacity&quot;:&quot;&quot;,&quot;transport_layer&quot;:false,&quot;action&quot;:&quot;wpgmza_save_map&quot;,&quot;redirect_to&quot;:&quot;\\\/wp-admin\\\/admin-post.php&quot;,&quot;map_id&quot;:&quot;1&quot;,&quot;wpgmza_savemap&quot;:&quot;Save Map&quot;,&quot;http_referer&quot;:&quot;\\\/wp-admin\\\/admin.php?page=wp-google-maps-menu&amp;amp;action=edit&amp;amp;map_id=1&quot;,&quot;wpgmza_id&quot;:&quot;1&quot;,&quot;wpgmza_start_location&quot;:&quot;42.16185763358675,21.718023366926232&quot;,&quot;wpgmza_start_zoom&quot;:&quot;15&quot;,&quot;wpgmza_map_align&quot;:&quot;2&quot;,&quot;store_locator_enabled&quot;:false,&quot;store_locator_distance&quot;:false,&quot;store_locator_search_area&quot;:&quot;radial&quot;,&quot;wpgmza_store_locator_default_radius&quot;:&quot;10&quot;,&quot;store_locator_auto_area_max_zoom&quot;:&quot;&quot;,&quot;wpgmza_store_locator_radius_style&quot;:&quot;legacy&quot;,&quot;store_locator_component_anchor&quot;:&quot;0&quot;,&quot;wpgmza_store_locator_bounce&quot;:false,&quot;wpgmza_sl_animation&quot;:null,&quot;store_locator_query_string&quot;:&quot;&quot;,&quot;store_locator_location_placeholder&quot;:&quot;&quot;,&quot;store_locator_default_address&quot;:&quot;&quot;,&quot;store_locator_name_search&quot;:false,&quot;store_locator_name_string&quot;:&quot;&quot;,&quot;store_locator_not_found_message&quot;:&quot;&quot;,&quot;store_locator_show_distance&quot;:false,&quot;store_locator_category&quot;:false,&quot;wpgmza_store_locator_use_their_location&quot;:false,&quot;wpgmza_store_locator_hide_before_search&quot;:false,&quot;store_locator_nearby_searches&quot;:false,&quot;wpgmza_ol_tile_filter&quot;:&quot;none&quot;,&quot;wpgmza_theme_data&quot;:&quot;&quot;,&quot;custom_tile_enabled&quot;:false,&quot;custom_tile_image&quot;:&quot;&quot;,&quot;custom_tile_image_width&quot;:&quot;&quot;,&quot;custom_tile_image_height&quot;:&quot;&quot;,&quot;custom_tile_image_attribution&quot;:&quot;&quot;,&quot;iw_primary_color&quot;:&quot;#000000&quot;,&quot;iw_accent_color&quot;:&quot;#000000&quot;,&quot;iw_text_color&quot;:&quot;#000000&quot;,&quot;close_infowindow_on_map_click&quot;:false,&quot;marker_share_links&quot;:false,&quot;wpgmza_listmarkers_by&quot;:&quot;0&quot;,&quot;marker_listing_component_anchor&quot;:null,&quot;marker_listing_component_auto_open&quot;:false,&quot;dataTable_pagination_style&quot;:null,&quot;category_filter_component_anchor&quot;:null,&quot;zoom_level_on_marker_listing_override&quot;:false,&quot;zoom_level_on_marker_listing_click&quot;:&quot;&quot;,&quot;marker_listing_disable_zoom&quot;:false,&quot;datatable_no_result_message&quot;:&quot;&quot;,&quot;remove_search_box_datables&quot;:false,&quot;datatable_search_string&quot;:&quot;&quot;,&quot;datatable_result_start&quot;:&quot;&quot;,&quot;datatable_result_of&quot;:&quot;&quot;,&quot;datatable_result_to&quot;:&quot;&quot;,&quot;datatable_result_total&quot;:&quot;&quot;,&quot;datatable_result_show&quot;:&quot;&quot;,&quot;datatable_result_entries&quot;:&quot;&quot;,&quot;category_legends_enabled&quot;:false,&quot;category_legends_component_anchor&quot;:null,&quot;jump_to_nearest_marker_on_initialization&quot;:false,&quot;click_open_link&quot;:false,&quot;wpgmza_zoom_on_marker_click&quot;:false,&quot;wpgmza_zoom_on_marker_click_slider&quot;:&quot;&quot;,&quot;enable_marker_labels&quot;:false,&quot;polygon_labels&quot;:false,&quot;disable_polygon_info_windows&quot;:false,&quot;fit_maps_bounds_to_markers&quot;:false,&quot;fit_maps_bounds_to_markers_after_filtering&quot;:false,&quot;automatically_pan_to_users_location&quot;:false,&quot;override_users_location_zoom_level&quot;:false,&quot;override_users_location_zoom_levels&quot;:&quot;&quot;,&quot;show_distance_from_location&quot;:false,&quot;map_starts_in_streetview&quot;:false,&quot;map_starts_in_streetview_location&quot;:&quot;&quot;,&quot;map_starts_in_streetview_heading&quot;:&quot;&quot;,&quot;map_starts_in_streetview_pitch&quot;:&quot;&quot;,&quot;map_max_zoom&quot;:&quot;6&quot;,&quot;map_min_zoom&quot;:&quot;18&quot;,&quot;zoom_level_mobile_override_enabled&quot;:false,&quot;zoom_level_mobile_override&quot;:&quot;&quot;,&quot;hide_point_of_interest&quot;:false,&quot;disable_lightbox_images&quot;:false,&quot;use_Raw_Jpeg_Coordinates&quot;:false,&quot;enable_marker_ratings&quot;:false,&quot;only_load_markers_within_viewport&quot;:false,&quot;id&quot;:1}\" ><\/div><\/div>","protected":false},"excerpt":{"rendered":"<p>\u0414\u0421\u0423 \u2013 \u0420\u0426\u0421\u041e\u041e \u201e\u041a\u0438\u0440\u043e \u0411\u0443\u0440\u043d\u0430\u0437&#8221; \u0420\u0430\u0431\u043e\u0442\u043d\u043e \u0412\u0440\u0435\u043c\u0435:\u041f\u043e\u043d \u2013 \u041f\u0435\u0442: 7:00 \u2013 15:00 \u041b\u043e\u043a\u0430\u0446\u0438\u0458\u0430:\u0423\u043b.1 \u0431.\u0431., \u0414\u043e\u043b\u043d\u043e \u041a\u043e\u0458\u043d\u0430\u0440\u0435 1300 \u041a\u0443\u043c\u0430\u043d\u043e\u0432\u043e,\u0420\u0435\u043f\u0443\u0431\u043b\u0438\u043a\u0430 \u0421\u0435\u0432\u0435\u0440\u043d\u0430 \u041c\u0430\u043a\u0435\u0434\u043e\u043d\u0438\u0458\u0430 \u041a\u043e\u043d\u0442\u0430\u043a\u0442:rcsookiroburnaz@gmail.com+389 31 412 224 \u0418\u043d\u0444\u043e\u0440\u043c\u0430\u0446\u0438\u0438 \u043e\u0434 \u0458\u0430\u0432\u0435\u043d \u043a\u0430\u0440\u0430\u043a\u0442\u0435\u0440: \u0421\u043b\u0443\u0436\u0431\u0435\u043d\u043e \u043b\u0438\u0446\u0435: \u0421\u043e\u0444\u0438\u0458\u0430 \u0410\u043b\u0435\u043a\u0441\u0438\u045c kb.sekretar@gmail.com +389 (0)75 281 512<\/p>","protected":false},"author":1,"featured_media":0,"parent":0,"menu_order":0,"comment_status":"closed","ping_status":"closed","template":"","meta":{"footnotes":""},"class_list":["post-405","page","type-page","status-publish","hentry"],"_links":{"self":[{"href":"https:\/\/kiroburnaz.edu.mk\/sq\/wp-json\/wp\/v2\/pages\/405","targetHints":{"allow":["GET"]}}],"collection":[{"href":"https:\/\/kiroburnaz.edu.mk\/sq\/wp-json\/wp\/v2\/pages"}],"about":[{"href":"https:\/\/kiroburnaz.edu.mk\/sq\/wp-json\/wp\/v2\/types\/page"}],"author":[{"embeddable":true,"href":"https:\/\/kiroburnaz.edu.mk\/sq\/wp-json\/wp\/v2\/users\/1"}],"replies":[{"embeddable":true,"href":"https:\/\/kiroburnaz.edu.mk\/sq\/wp-json\/wp\/v2\/comments?post=405"}],"version-history":[{"count":71,"href":"https:\/\/kiroburnaz.edu.mk\/sq\/wp-json\/wp\/v2\/pages\/405\/revisions"}],"predecessor-version":[{"id":1356,"href":"https:\/\/kiroburnaz.edu.mk\/sq\/wp-json\/wp\/v2\/pages\/405\/revisions\/1356"}],"wp:attachment":[{"href":"https:\/\/kiroburnaz.edu.mk\/sq\/wp-json\/wp\/v2\/media?parent=405"}],"curies":[{"name":"wp","href":"https:\/\/api.w.org\/{rel}","templated":true}]}}