{"id":361,"date":"2024-03-24T20:31:08","date_gmt":"2024-03-24T20:31:08","guid":{"rendered":"https:\/\/kiroburnaz.edu.mk\/?page_id=361"},"modified":"2026-02-20T06:26:11","modified_gmt":"2026-02-20T06:26:11","slug":"nastavni-planovi","status":"publish","type":"page","link":"https:\/\/kiroburnaz.edu.mk\/sq\/nastavni-planovi\/","title":{"rendered":"Planet e m\u00ebsimit"},"content":{"rendered":"<p>N\u00eb p\u00ebrputhje me konceptin e miratuar p\u00ebr modernizimin e arsimit teknik dual, n\u00eb SHMU \u2013 QARSHP \u201cKiro Burnaz\u201d \u2013 Kumanov\u00eb, gjat\u00eb vitit shkollor 2024\/2025, realizohet m\u00ebsim n\u00eb profilet\/kualifikimet arsimore n\u00eb vijim:<\/p>\n\n\n\n<p>Profesion\/Sektor: BUJQ\u00cbSI, PESHKIM DHE VETERINARI<\/p>\n\n\n\n<ul class=\"wp-block-list\">\n<li><a href=\"https:\/\/drive.google.com\/file\/d\/1x71tlO8GJOOYXZc5tzVAaH6PNvI_dc83\/view\" target=\"_blank\" rel=\"noreferrer noopener\">Agroteknik<\/a><\/li>\n\n\n\n<li><a href=\"https:\/\/drive.google.com\/file\/d\/1x71tlO8GJOOYXZc5tzVAaH6PNvI_dc83\/view\" target=\"_blank\" rel=\"noreferrer noopener\">Teknik i agromenaxhimit<\/a><\/li>\n\n\n\n<li><a href=\"https:\/\/drive.google.com\/file\/d\/1x71tlO8GJOOYXZc5tzVAaH6PNvI_dc83\/view\" target=\"_blank\" rel=\"noreferrer noopener\">Teknik i fitomjek\u00ebsis\u00eb<\/a><\/li>\n\n\n\n<li><a href=\"https:\/\/drive.google.com\/file\/d\/13hSiMHkxwukwoEj8KRh6U3G_kyHEe8Vd\/view\" target=\"_blank\" rel=\"noreferrer noopener\">Teknik i mjek\u00ebsis\u00eb veterinare<\/a><\/li>\n<\/ul>\n\n\n\n<p>Profesion\/Sektor: KIMI DHE TEKNOLOGJI<\/p>\n\n\n\n<ul class=\"wp-block-list\">\n<li><a href=\"https:\/\/drive.google.com\/file\/d\/1mcv8aUssUV9YZidjPWk8s_atJjvwOqaK\/view\" target=\"_blank\" rel=\"noreferrer noopener\">Teknik i produkteve kozmetike dhe kimike<\/a><\/li>\n\n\n\n<li><a href=\"https:\/\/drive.google.com\/file\/d\/1jdqFh5b7Kew4jQY7f9FJXBCyG6AYnWKD\/view\" target=\"_blank\" rel=\"noreferrer noopener\">Teknik ushqimor<\/a><\/li>\n\n\n\n<li><a href=\"https:\/\/drive.google.com\/file\/d\/1C7EtraAVCRDM3uuVFDLarD_vjo-C57PJ\/view\" target=\"_blank\" rel=\"noreferrer noopener\">Buk\u00ebpjek\u00ebs<\/a><\/li>\n<\/ul>\n\n\n\n<p>Profesion\/Sektor: SH\u00cbRBIME PERSONALE<\/p>\n\n\n\n<ul class=\"wp-block-list\">\n<li><a href=\"https:\/\/drive.google.com\/file\/d\/1NHvheVF1EfPPTJEbQvJNe7Duv9ZkHjco\/view\" target=\"_blank\" rel=\"noreferrer noopener\">Teknik i kujdesit kozmetik dhe bukuris\u00eb<\/a><\/li>\n\n\n\n<li><a href=\"https:\/\/drive.google.com\/file\/d\/1h-6WWWpIbcfITCMYqwSldVuVLefYtQub\/view\" target=\"_blank\" rel=\"noreferrer noopener\">Parukier<\/a><\/li>\n<\/ul>\n\n\n\n<p>Profesion\/Sektor: MAKINERI<\/p>\n\n\n\n<ul class=\"wp-block-list\">\n<li><a href=\"https:\/\/drive.google.com\/file\/d\/13zETseM1DpKikgBxC0F4Hbe7b4MJ_jZh\/view\" target=\"_blank\" rel=\"noreferrer noopener\">Teknik mekanik p\u00ebr automjete motorike<\/a><\/li>\n<\/ul>\n\n\n\n<p>Profesion\/Sektor: TRANSPORT, KOMUNIKACION DHE MAGAZINIM<\/p>\n\n\n\n<ul class=\"wp-block-list\">\n<li><a href=\"https:\/\/drive.google.com\/file\/d\/19EiKFZLbvWiGJuwIyXeB5QZpPTKruIvm\/view\" target=\"_blank\" rel=\"noreferrer noopener\">Teknik i transportit rrugor<\/a><\/li>\n<\/ul>\n\n\n\n<p>Profesion\/Sektor: SH\u00cbNDET\u00cbSI DHE MBROJTJE SOCIALE<\/p>\n\n\n\n<ul class=\"wp-block-list\">\n<li><a href=\"https:\/\/drive.google.com\/file\/d\/1tXe4EXfmpYcZ55zEXayAG3yys7dPUdMS\/view\" target=\"_blank\" rel=\"noreferrer noopener\">Teknik farmaceutik<\/a><\/li>\n\n\n\n<li><a href=\"https:\/\/drive.google.com\/file\/d\/1qVB1E8JA47ozGE1mLjOuhn37H3S8CErO\/view\" target=\"_blank\" rel=\"noreferrer noopener\">Asistent dentar<\/a><\/li>\n<\/ul>","protected":false},"excerpt":{"rendered":"<p>\u0412\u043e \u0441\u043e\u0433\u043b\u0430\u0441\u043d\u043e\u0441\u0442 \u0441\u043e \u0434\u043e\u043d\u0435\u0441\u0435\u043d\u0430\u0442\u0430 \u043a\u043e\u043d\u0446\u0435\u043f\u0446\u0438\u0458\u0430 \u0437\u0430 \u043c\u043e\u0434\u0435\u0440\u043d\u0438\u0437\u0430\u0446\u0438\u0458\u0430 \u043d\u0430 \u0434\u0443\u0430\u043b\u043d\u043e \u0442\u0435\u0445\u043d\u0438\u0447\u043a\u043e \u043e\u0431\u0440\u0430\u0437\u043e\u0432\u0430\u043d\u0438\u0435 \u0432\u043e \u0414\u0421\u0423-\u0420\u0426\u0421\u041e\u041e \u201e\u041a\u0438\u0440\u043e \u0411\u0443\u0440\u043d\u0430\u0437\u201d \u043e\u0434 \u041a\u0443\u043c\u0430\u043d\u043e\u0432\u043e \u0432\u043e \u0443\u0447\u0435\u0431\u043d\u0430\u0442\u0430 2024\/2025 \u0433\u043e\u0434\u0438\u043d\u0430 \u0441\u0435 \u0440\u0435\u0430\u043b\u0438\u0437\u0438\u0440\u0430 \u043d\u0430\u0441\u0442\u0430\u0432\u0430 \u0432\u043e \u0441\u043b\u0435\u0434\u043d\u0438\u0432\u0435 \u043e\u0431\u0440\u0430\u0437\u043e\u0432\u043d\u0438 \u043f\u0440\u043e\u0444\u0438\u043b\u0438\/\u043a\u0432\u0430\u043b\u0438\u0444\u0438\u043a\u0430\u0446\u0438\u0438: \u0421\u0442\u0440\u0443\u043a\u0430\/\u0441\u0435\u043a\u0442\u043e\u0440: \u0417\u0415\u041c\u0408\u041e\u0414\u0415\u041b\u0421\u0422\u0412\u041e, \u0420\u0418\u0411\u0410\u0420\u0421\u0422\u0412\u041e \u0418 \u0412\u0415\u0422\u0415\u0420\u0418\u041d\u0410\u0420\u0421\u0422\u0412\u041e \u0421\u0442\u0440\u0443\u043a\u0430\/\u0441\u0435\u043a\u0442\u043e\u0440: \u0425\u0415\u041c\u0418\u0408\u0410 \u0418 \u0422\u0415\u0425\u041d\u041e\u041b\u041e\u0413\u0418\u0408\u0410 \u0421\u0442\u0440\u0443\u043a\u0430\/\u0441\u0435\u043a\u0442\u043e\u0440: \u041b\u0418\u0427\u041d\u0418 \u0423\u0421\u041b\u0423\u0413\u0418 \u0421\u0442\u0440\u0443\u043a\u0430\/\u0441\u0435\u043a\u0442\u043e\u0440: \u041c\u0410\u0428\u0418\u041d\u0421\u0422\u0412\u041e \u0421\u0442\u0440\u0443\u043a\u0430\/\u0441\u0435\u043a\u0442\u043e\u0440: \u0421\u041e\u041e\u0411\u0420\u0410\u040c\u0410\u0408, \u0422\u0420\u0410\u041d\u0421\u041f\u041e\u0420\u0422 \u0418 \u0421\u041a\u041b\u0410\u0414\u0418\u0420\u0410\u040a\u0415 \u0421\u0442\u0440\u0443\u043a\u0430\/\u0441\u0435\u043a\u0442\u043e\u0440: \u0417\u0414\u0420\u0410\u0412\u0421\u0422\u0412\u041e \u0418 \u0421\u041e\u0426\u0418\u0408\u0410\u041b\u041d\u0410 \u0417\u0410\u0428\u0422\u0418\u0422\u0410<\/p>","protected":false},"author":1,"featured_media":0,"parent":0,"menu_order":0,"comment_status":"closed","ping_status":"closed","template":"","meta":{"footnotes":""},"class_list":["post-361","page","type-page","status-publish","hentry"],"_links":{"self":[{"href":"https:\/\/kiroburnaz.edu.mk\/sq\/wp-json\/wp\/v2\/pages\/361","targetHints":{"allow":["GET"]}}],"collection":[{"href":"https:\/\/kiroburnaz.edu.mk\/sq\/wp-json\/wp\/v2\/pages"}],"about":[{"href":"https:\/\/kiroburnaz.edu.mk\/sq\/wp-json\/wp\/v2\/types\/page"}],"author":[{"embeddable":true,"href":"https:\/\/kiroburnaz.edu.mk\/sq\/wp-json\/wp\/v2\/users\/1"}],"replies":[{"embeddable":true,"href":"https:\/\/kiroburnaz.edu.mk\/sq\/wp-json\/wp\/v2\/comments?post=361"}],"version-history":[{"count":7,"href":"https:\/\/kiroburnaz.edu.mk\/sq\/wp-json\/wp\/v2\/pages\/361\/revisions"}],"predecessor-version":[{"id":1379,"href":"https:\/\/kiroburnaz.edu.mk\/sq\/wp-json\/wp\/v2\/pages\/361\/revisions\/1379"}],"wp:attachment":[{"href":"https:\/\/kiroburnaz.edu.mk\/sq\/wp-json\/wp\/v2\/media?parent=361"}],"curies":[{"name":"wp","href":"https:\/\/api.w.org\/{rel}","templated":true}]}}