{"id":27,"date":"2024-01-19T21:39:09","date_gmt":"2024-01-19T21:39:09","guid":{"rendered":"https:\/\/kiroburnaz.edu.mk\/?page_id=27"},"modified":"2024-11-13T09:32:37","modified_gmt":"2024-11-13T09:32:37","slug":"istorijat","status":"publish","type":"page","link":"https:\/\/kiroburnaz.edu.mk\/sq\/istorijat\/","title":{"rendered":"Historia"},"content":{"rendered":"<blockquote class=\"wp-block-quote is-layout-flow wp-block-quote-is-layout-flow\">\n<p><strong>MISIONI I SHKOLL\u00cbS: <\/strong><\/p>\n\n\n\n<p>\"T\u00eb jemi nj\u00eb shkoll\u00eb moderne, t\u00ebrheq\u00ebse me nj\u00eb atmosfer\u00eb t\u00eb k\u00ebndshme p\u00ebr edukimin e personelit t\u00eb suksessh\u00ebm\"<\/p>\n\n\n\n<p><strong>VIZIONI I SHKOLL\u00cbS:<\/strong><\/p>\n\n\n\n<p>\u201cNj\u00eb shkoll\u00eb moderne dhe e orientuar drejt Evrop\u00ebs, e gatshme t\u2019u p\u00ebrgjigjet nevojave t\u00eb tregut t\u00eb pun\u00ebs dhe komunitetit lokal.\u201d<\/p>\n\n\n\n<p><\/p>\n\n\n\n<p class=\"has-text-align-left\"><strong>Shkolla e Mesme Shtet\u00ebrore \u2013 Qendra Rajonale p\u00ebr Arsim dhe Trajnim Profesional\n\u201cKiro Burnaz\u201d<\/strong> \u00ebsht\u00eb institucion arsimor me tradit\u00eb t\u00eb gjat\u00eb, fillimet e s\u00eb cil\u00ebs datojn\u00eb nga viti 1942. Shkolla filloi veprimtarin\u00eb si <em>Shkoll\u00eb<\/em> <em>Shtet\u00ebrore e Ul\u00ebt Bujq\u00ebsore<\/em>, nd\u00ebrsa n\u00eb vitin 1947 u transformua n\u00eb <em>Shkoll\u00eb Bujq\u00ebsore Speciale<\/em>, me 130 nx\u00ebn\u00ebs, dhe u zhvendos n\u00eb nd\u00ebrtes\u00ebn e re ku ndodhet edhe sot. Q\u00eb nga viti 1952, shkolla mban emrin e patronit t\u00eb saj, luft\u00ebtarit t\u00eb par\u00eb <em>Burnazovski Todorov Kiro \u2013 Burnaz<\/em>. N\u00eb t\u00eb nj\u00ebjtin vit, n\u00eb kuad\u00ebr t\u00eb shkoll\u00ebs filloi t\u00eb funksionoj\u00eb internati p\u00ebr akomodimin e nx\u00ebn\u00ebsve, si dhe pun\u00ebtoria mekanike. Nj\u00ebsia ekonomike e shkoll\u00ebs dispononte rreth 80 hektar\u00eb sip\u00ebrfaqe. N\u00eb vitin 1960 u themelua <em>Qendra Shkollore Bujq\u00ebsore \u201cKiro Burnaz\u201d<\/em>, nd\u00ebrsa nga viti 1973 shkolla veproi me em\u00ebrtimin <em>Organizat\u00eb Themelore e Pun\u00ebs s\u00eb Bashkuar \u2013 Shkolla Bujq\u00ebsore \u201cKiro Burnaz\u201d<\/em>. Gjat\u00eb viteve \u201980 dhe \u201990 t\u00eb shekullit t\u00eb kaluar, shkolla vazhdoi t\u00eb funksionoj\u00eb me emrin <em>Shkolla Bujq\u00ebsore \u201cKiro Burnaz\u201d<\/em>, nd\u00ebrsa n\u00eb rreth 20 vitet e para t\u00eb mij\u00ebvje\u00e7arit t\u00eb ri, ajo funksionoi si <em>Shkoll\u00eb e Mesme Profesionale Komunale<\/em> <em>\u201cKiro Burnaz\u201d<\/em> ku m\u00ebsimi zhvillohej n\u00eb gjuh\u00ebn maqedonase dhe shqipe.<\/p>\n<\/blockquote>\n\n\n\n<figure class=\"wp-block-image size-full\"><img fetchpriority=\"high\" decoding=\"async\" width=\"933\" height=\"392\" src=\"https:\/\/kiroburnaz.edu.mk\/wp-content\/uploads\/2024\/08\/Uciliste-pred-rekonstrukcija.jpg\" alt=\"Uciliste Pred Rekonstrukcija\" class=\"wp-image-548\" title=\"Historia\" srcset=\"https:\/\/kiroburnaz.edu.mk\/wp-content\/uploads\/2024\/08\/Uciliste-pred-rekonstrukcija.jpg 933w, https:\/\/kiroburnaz.edu.mk\/wp-content\/uploads\/2024\/08\/Uciliste-pred-rekonstrukcija-300x126.jpg 300w, https:\/\/kiroburnaz.edu.mk\/wp-content\/uploads\/2024\/08\/Uciliste-pred-rekonstrukcija-768x323.jpg 768w, https:\/\/kiroburnaz.edu.mk\/wp-content\/uploads\/2024\/08\/Uciliste-pred-rekonstrukcija-500x210.jpg 500w, https:\/\/kiroburnaz.edu.mk\/wp-content\/uploads\/2024\/08\/Uciliste-pred-rekonstrukcija-800x336.jpg 800w\" sizes=\"(max-width: 933px) 100vw, 933px\" \/><\/figure>\n\n\n\n<blockquote class=\"wp-block-quote is-layout-flow wp-block-quote-is-layout-flow\">\n<p class=\"has-text-align-left\" style=\"margin-right:0;margin-left:0\">Nga 1 janari 2021, shkolla po transformohet n\u00eb Shkoll\u00eb t\u00eb Mesme Shtet\u00ebrore - Qend\u00ebr Rajonale p\u00ebr Arsim dhe Trajnim Profesional p\u00ebr Rajonin Verilindor, gj\u00eb q\u00eb do t\u00eb \u00e7oj\u00eb n\u00eb p\u00ebrsosm\u00ebri n\u00eb sektor\u00ebt e Kimis\u00eb dhe Teknologjis\u00eb dhe Bujq\u00ebsis\u00eb, Peshkimit dhe Mjek\u00ebsis\u00eb Veterinare. Sipas konceptit p\u00ebr zhvillimin e qendrave rajonale p\u00ebr arsim dhe trajnim profesional n\u00eb Republik\u00ebn e Maqedonis\u00eb s\u00eb Veriut, aktivitetet e qendr\u00ebs jan\u00eb zgjeruar p\u00ebr t\u00eb p\u00ebrfshir\u00eb arsimin formal dhe joformal, arsimin e t\u00eb rriturve dhe validimin e t\u00eb nx\u00ebnit joformal dhe informal. Transformimi u krye me iniciativ\u00ebn e Ministris\u00eb s\u00eb Arsimit dhe Shkenc\u00ebs. Ai mb\u00ebshtetet nga Delegacioni i Bashkimit Evropian, ku \u00ebsht\u00eb kryer nj\u00eb rind\u00ebrtim i plot\u00eb i nd\u00ebrtesave shkollore dhe konviktit t\u00eb nx\u00ebn\u00ebsve, si dhe \u00ebsht\u00eb siguruar pajisje m\u00eb t\u00eb fundit p\u00ebr zhvillimin e t\u00eb nx\u00ebnit.<br>Q\u00ebllimi \u00ebsht\u00eb t\u00eb krijohet nj\u00eb koncept i vet\u00ebmjaftuesh\u00ebm dhe i fokusuar n\u00eb t\u00eb ardhmen i arsimit dhe trajnimit profesional, i cili do t\u00eb integrohet n\u00eb sistemin komb\u00ebtar t\u00eb arsimit, por edhe n\u00eb sistemin rajonal dhe evropian t\u00eb arsimit dhe trajnimit profesional, me mekanizma t\u00eb qart\u00eb p\u00ebr t\u00eb siguruar rezultate n\u00eb arsim dhe t\u00eb nx\u00ebnit profesional.<\/p>\n<\/blockquote>\n\n\n\n<figure class=\"wp-block-image size-large\"><img decoding=\"async\" width=\"1024\" height=\"340\" src=\"https:\/\/kiroburnaz.edu.mk\/wp-content\/uploads\/2024\/01\/KB3-1024x340.jpg\" alt=\"KB3 1024x340\" class=\"wp-image-304\" title=\"Historia\" srcset=\"https:\/\/kiroburnaz.edu.mk\/wp-content\/uploads\/2024\/01\/KB3-1024x340.jpg 1024w, https:\/\/kiroburnaz.edu.mk\/wp-content\/uploads\/2024\/01\/KB3-300x100.jpg 300w, https:\/\/kiroburnaz.edu.mk\/wp-content\/uploads\/2024\/01\/KB3-768x255.jpg 768w, https:\/\/kiroburnaz.edu.mk\/wp-content\/uploads\/2024\/01\/KB3-500x166.jpg 500w, https:\/\/kiroburnaz.edu.mk\/wp-content\/uploads\/2024\/01\/KB3-800x266.jpg 800w, https:\/\/kiroburnaz.edu.mk\/wp-content\/uploads\/2024\/01\/KB3.jpg 1214w\" sizes=\"(max-width: 1024px) 100vw, 1024px\" \/><\/figure>","protected":false},"excerpt":{"rendered":"<p>\u041c\u0418\u0421\u0418\u0408\u0410 \u041d\u0410 \u0423\u0427\u0418\u041b\u0418\u0428\u0422\u0415\u0422\u041e: \u201e\u0414\u0430 \u0431\u0438\u0434\u0435\u043c\u0435 \u043c\u043e\u0434\u0435\u0440\u043d\u043e, \u0430\u0442\u0440\u0430\u043a\u0442\u0438\u0432\u043d\u043e \u0443\u0447\u0438\u043b\u0438\u0448\u0442\u0435 \u0441\u043e \u043f\u0440\u0438\u0458\u0430\u0442\u043d\u0430 \u0430\u0442\u043c\u043e\u0441\u0444\u0435\u0440\u0430 \u0437\u0430 \u0435\u0434\u0443\u043a\u0430\u0446\u0438\u0458\u0430 \u043d\u0430 \u043f\u0440\u043e\u0441\u043f\u0435\u0440\u0438\u0442\u0435\u0442\u043d\u0438 \u043a\u0430\u0434\u0440\u0438\u201c \u0412\u0418\u0417\u0418\u0408\u0410 \u041d\u0410 \u0423\u0427\u0418\u041b\u0418\u0428\u0422\u0415\u0422\u041e: \u201e\u0421\u043e\u0432\u0440\u0435\u043c\u0435\u043d\u043e \u0438 \u0435\u0432\u0440\u043e\u043f\u0441\u043a\u0438 \u043e\u0440\u0438\u0435\u043d\u0442\u0438\u0440\u0430\u043d\u043e \u0443\u0447\u0438\u043b\u0438\u0448\u0442\u0435 \u043a\u043e\u0435 \u0435 \u0441\u043f\u0440\u0435\u043c\u043d\u043e \u0434\u0430 \u043e\u0434\u0433\u043e\u0432\u043e\u0440\u0438 \u043d\u0430 \u043f\u043e\u0442\u0440\u0435\u0431\u0438\u0442\u0435 \u043d\u0430 \u043f\u0430\u0437\u0430\u0440\u043e\u0442 \u043d\u0430 \u0442\u0440\u0443\u0434 \u0438 \u043b\u043e\u043a\u0430\u043b\u043d\u0430\u0442\u0430 \u0437\u0430\u0435\u0434\u043d\u0438\u0446\u0430\u201c \u0414\u0440\u0436\u0430\u0432\u043d\u043e \u0441\u0440\u0435\u0434\u043d\u043e \u0443\u0447\u0438\u043b\u0438\u0448\u0442\u0435 &#8211; \u0420\u0435\u0433\u0438\u043e\u043d\u0430\u043b\u0435\u043d \u0446\u0435\u043d\u0442\u0430\u0440 \u0437\u0430 \u0441\u0442\u0440\u0443\u0447\u043d\u043e \u043e\u0431\u0440\u0430\u0437\u043e\u0432\u0430\u043d\u0438\u0435 \u0438 \u043e\u0431\u0443\u043a\u0430 \u201e\u041a\u0438\u0440\u043e \u0411\u0443\u0440\u043d\u0430\u0437\u201d \u0435 \u043e\u0431\u0440\u0430\u0437\u043e\u0432\u043d\u0430 \u0438\u043d\u0441\u0442\u0438\u0442\u0443\u0446\u0438\u0458\u0430 \u0441\u043e [&hellip;]<\/p>","protected":false},"author":1,"featured_media":0,"parent":0,"menu_order":0,"comment_status":"closed","ping_status":"closed","template":"","meta":{"footnotes":""},"class_list":["post-27","page","type-page","status-publish","hentry"],"_links":{"self":[{"href":"https:\/\/kiroburnaz.edu.mk\/sq\/wp-json\/wp\/v2\/pages\/27","targetHints":{"allow":["GET"]}}],"collection":[{"href":"https:\/\/kiroburnaz.edu.mk\/sq\/wp-json\/wp\/v2\/pages"}],"about":[{"href":"https:\/\/kiroburnaz.edu.mk\/sq\/wp-json\/wp\/v2\/types\/page"}],"author":[{"embeddable":true,"href":"https:\/\/kiroburnaz.edu.mk\/sq\/wp-json\/wp\/v2\/users\/1"}],"replies":[{"embeddable":true,"href":"https:\/\/kiroburnaz.edu.mk\/sq\/wp-json\/wp\/v2\/comments?post=27"}],"version-history":[{"count":6,"href":"https:\/\/kiroburnaz.edu.mk\/sq\/wp-json\/wp\/v2\/pages\/27\/revisions"}],"predecessor-version":[{"id":762,"href":"https:\/\/kiroburnaz.edu.mk\/sq\/wp-json\/wp\/v2\/pages\/27\/revisions\/762"}],"wp:attachment":[{"href":"https:\/\/kiroburnaz.edu.mk\/sq\/wp-json\/wp\/v2\/media?parent=27"}],"curies":[{"name":"wp","href":"https:\/\/api.w.org\/{rel}","templated":true}]}}