{"id":1390,"date":"2026-02-23T19:22:49","date_gmt":"2026-02-23T19:22:49","guid":{"rendered":"https:\/\/kiroburnaz.edu.mk\/?page_id=1390"},"modified":"2026-02-23T19:24:04","modified_gmt":"2026-02-23T19:24:04","slug":"%d0%ba%d0%b0%d1%80%d0%b8%d0%b5%d1%80%d0%bd%d0%be-%d1%81%d0%be%d0%b2%d0%b5%d1%82%d1%83%d0%b2%d0%b0%d1%9a%d0%b5","status":"publish","type":"page","link":"https:\/\/kiroburnaz.edu.mk\/sq\/%d0%ba%d0%b0%d1%80%d0%b8%d0%b5%d1%80%d0%bd%d0%be-%d1%81%d0%be%d0%b2%d0%b5%d1%82%d1%83%d0%b2%d0%b0%d1%9a%d0%b5\/","title":{"rendered":"K\u00ebshillim p\u00ebr karrier\u00eb"},"content":{"rendered":"<p>\u0421\u0442\u0440\u0430\u043d\u0430\u0442\u0430 \u0435 \u0432\u043e \u0438\u0437\u0440\u0430\u0431\u043e\u0442\u043a\u0430\u2026<\/p>","protected":false},"excerpt":{"rendered":"<p>\u0421\u0442\u0440\u0430\u043d\u0430\u0442\u0430 \u0435 \u0432\u043e \u0438\u0437\u0440\u0430\u0431\u043e\u0442\u043a\u0430\u2026<\/p>","protected":false},"author":1,"featured_media":0,"parent":0,"menu_order":0,"comment_status":"closed","ping_status":"closed","template":"","meta":{"footnotes":""},"class_list":["post-1390","page","type-page","status-publish","hentry"],"_links":{"self":[{"href":"https:\/\/kiroburnaz.edu.mk\/sq\/wp-json\/wp\/v2\/pages\/1390","targetHints":{"allow":["GET"]}}],"collection":[{"href":"https:\/\/kiroburnaz.edu.mk\/sq\/wp-json\/wp\/v2\/pages"}],"about":[{"href":"https:\/\/kiroburnaz.edu.mk\/sq\/wp-json\/wp\/v2\/types\/page"}],"author":[{"embeddable":true,"href":"https:\/\/kiroburnaz.edu.mk\/sq\/wp-json\/wp\/v2\/users\/1"}],"replies":[{"embeddable":true,"href":"https:\/\/kiroburnaz.edu.mk\/sq\/wp-json\/wp\/v2\/comments?post=1390"}],"version-history":[{"count":2,"href":"https:\/\/kiroburnaz.edu.mk\/sq\/wp-json\/wp\/v2\/pages\/1390\/revisions"}],"predecessor-version":[{"id":1392,"href":"https:\/\/kiroburnaz.edu.mk\/sq\/wp-json\/wp\/v2\/pages\/1390\/revisions\/1392"}],"wp:attachment":[{"href":"https:\/\/kiroburnaz.edu.mk\/sq\/wp-json\/wp\/v2\/media?parent=1390"}],"curies":[{"name":"wp","href":"https:\/\/api.w.org\/{rel}","templated":true}]}}